{"id":731,"date":"2018-04-24T11:35:27","date_gmt":"2018-04-24T09:35:27","guid":{"rendered":"http:\/\/galliska-creation.fr\/?page_id=731"},"modified":"2018-11-18T21:50:14","modified_gmt":"2018-11-18T20:50:14","slug":"conditions-generales-de-prestations-ventes-cgpv","status":"publish","type":"page","link":"https:\/\/galliska-creation.fr\/?page_id=731","title":{"rendered":"CGPV"},"content":{"rendered":"<p>[et_pb_section bb_built=\u00a0\u00bb1&Prime; fullwidth=\u00a0\u00bbon\u00a0\u00bb specialty=\u00a0\u00bboff\u00a0\u00bb][et_pb_fullwidth_slider _builder_version=\u00a0\u00bb3.0.90&Prime; show_arrows=\u00a0\u00bboff\u00a0\u00bb show_pagination=\u00a0\u00bboff\u00a0\u00bb show_inner_shadow=\u00a0\u00bbon\u00a0\u00bb custom_button=\u00a0\u00bboff\u00a0\u00bb button_icon_placement=\u00a0\u00bbright\u00a0\u00bb show_content_on_mobile=\u00a0\u00bbon\u00a0\u00bb show_cta_on_mobile=\u00a0\u00bbon\u00a0\u00bb show_image_video_mobile=\u00a0\u00bboff\u00a0\u00bb] [et_pb_slide _builder_version=\u00a0\u00bb3.0.90&Prime; use_background_color_gradient=\u00a0\u00bboff\u00a0\u00bb background_color_gradient_start=\u00a0\u00bb#2b87da\u00a0\u00bb background_color_gradient_end=\u00a0\u00bb#29c4a9&Prime; background_color_gradient_type=\u00a0\u00bblinear\u00a0\u00bb background_color_gradient_direction=\u00a0\u00bb180deg\u00a0\u00bb background_color_gradient_direction_radial=\u00a0\u00bbcenter\u00a0\u00bb background_color_gradient_start_position=\u00a0\u00bb0%\u00a0\u00bb background_color_gradient_end_position=\u00a0\u00bb100%\u00a0\u00bb background_color_gradient_overlays_image=\u00a0\u00bboff\u00a0\u00bb background_image=\u00a0\u00bbhttp:\/\/galliska-creation.fr\/wp-content\/uploads\/2018\/11\/Tuulimylly7.jpg\u00a0\u00bb parallax=\u00a0\u00bbon\u00a0\u00bb parallax_method=\u00a0\u00bbon\u00a0\u00bb background_size=\u00a0\u00bbcover\u00a0\u00bb background_position=\u00a0\u00bbcenter\u00a0\u00bb background_repeat=\u00a0\u00bbno-repeat\u00a0\u00bb background_blend=\u00a0\u00bbnormal\u00a0\u00bb allow_player_pause=\u00a0\u00bboff\u00a0\u00bb use_bg_overlay=\u00a0\u00bboff\u00a0\u00bb use_text_overlay=\u00a0\u00bboff\u00a0\u00bb text_border_radius=\u00a0\u00bb3&Prime; alignment=\u00a0\u00bbcenter\u00a0\u00bb background_layout=\u00a0\u00bbdark\u00a0\u00bb heading=\u00a0\u00bbGalliska &#8211; Cr\u00e9ation\u00a0\u00bb]<\/p>\n<p>&nbsp;<\/p>\n<p>Conditions G\u00e9n\u00e9rales de Prestations &#8211; Ventes<\/p>\n<p>&nbsp;<\/p>\n<p>[\/et_pb_slide] [\/et_pb_fullwidth_slider][\/et_pb_section][et_pb_section bb_built=\u00a0\u00bb1&Prime;][et_pb_row][et_pb_column type=\u00a0\u00bb4_4&Prime;][et_pb_text _builder_version=\u00a0\u00bb3.0.90&Prime; background_layout=\u00a0\u00bblight\u00a0\u00bb box_shadow_style=\u00a0\u00bbpreset2&Prime; box_shadow_horizontal=\u00a0\u00bb15px\u00a0\u00bb box_shadow_vertical=\u00a0\u00bb15px\u00a0\u00bb]<\/p>\n<h2 style=\"text-align: center;\"><b>CONDITIONS GENERALES DE PRESTATIONS \u2013 VENTES (C.G.P.V.)<\/b><\/h2>\n<h2 style=\"text-align: center;\"><b>GALLISKA-CREATION Florence Bufacchi-Hans<\/b><\/h2>\n<p><b>1 &#8211; OPPOSABILITE DES PRESENTES CONDITIONS GENERALES<span class=\"Apple-converted-space\">\u00a0<\/span><\/b><\/p>\n<p>Les pr\u00e9sentes conditions sont applicables aux relations \u00e9tablies entre GALLISKA &#8211; CREATION et tout acheteur, qu\u2019il soit public ou priv\u00e9.<\/p>\n<p>Toute commande de marchandises ou tout devis implique l\u2019adh\u00e9sion enti\u00e8re et sans r\u00e9serve du client aux dites conditions, \u00e0 l\u2019exclusion de tous autres documents. Aucune condition particuli\u00e8re ne peut, sauf acceptation formelle et \u00e9crite de GALLISKA &#8211; CREATION pr\u00e9valoir sur les pr\u00e9sentes conditions. Toute condition contraire pos\u00e9e par le client sera donc inopposable \u00e0 GALLISKA &#8211; CREATION \u00e0 d\u00e9faut d\u2019acceptation expresse de sa part. Le fait que GALLISKA &#8211; CREATION ne se pr\u00e9vale pas, \u00e0 un moment donn\u00e9, de l\u2019une quelconque des pr\u00e9sentes conditions, ne peut \u00eatre interpr\u00e9t\u00e9 comme valant renonciation \u00e0 s\u2019en pr\u00e9valoir ult\u00e9rieurement.<\/p>\n<p><b>2 \u2013 DOCUMENTATION \u2013 PROPRIETE &#8211; CONFIDENTIALITE<\/b><\/p>\n<p>Tous les documents, devis, catalogues, notices et prospectus, dessins, plans, maquettes et descriptifs, sp\u00e9cifications techniques ou autres, restent la propri\u00e9t\u00e9 exclusive de GALLISKA &#8211; CREATION. Ils sont remis ou pr\u00eat\u00e9s \u00e0 titre de renseignements et n\u2019engagent pas GALLISKA &#8211; CREATION, laquelle se r\u00e9serve dans tous les cas la facult\u00e9 d\u2019apporter toute modification qu\u2019elle estimerait n\u00e9cessaire.<\/p>\n<p>Le client ne peut pas les communiquer \u00e0 des tiers sous peine de condamnation \u00e0 des dommages et int\u00e9r\u00eats. Les photographies n\u2019ont aucune valeur contractuelle, elles n\u2019ont qu\u2019une valeur indicative. GALLISKA &#8211; CREATION n\u2019est pas responsable des diff\u00e9rences de couleurs et des variations des mat\u00e9riaux en fonction des conditions de fabrication et d\u2019exploitation. Les cr\u00e9ations pr\u00e9sentent un caract\u00e8re artistique qui est la sp\u00e9cificit\u00e9 de l\u2019artisan. Elles sont produites en pi\u00e8ce unique ou petites s\u00e9ries.<\/p>\n<p><b>3 \u2013 DEVIS ET COMMANDES &#8211; VALIDITE<\/b><\/p>\n<p>Toute commande fait l\u2019objet d\u2019un devis de GALLISKA &#8211; CREATION valable 1 (un) mois \u00e0 compter de sa date.<\/p>\n<p>Toute commande doit faire l\u2019objet d\u2019un ordre \u00e9crit, dat\u00e9 et sign\u00e9 du client ou du retour du devis avec la mention manuscrite \u201cBon pour accord\u201d, le tampon commercial du client, le nom et la signature de la personne physique qui s\u2019engage ou du repr\u00e9sentant de la personne morale. L\u2019ordre \u00e9crit, quelque soit le support, ou le devis retourn\u00e9 dans les conditions pr\u00e9c\u00e9demment expos\u00e9es seront le point de d\u00e9part des obligations respectives des parties. Quel que soit le support de l\u2019ordre, les parties ne seront engag\u00e9es que pour les prestations figurant \u00e0 cette date sur cet acte.<\/p>\n<p>Le client devra v\u00e9rifier la proposition et signaler toute erreur \u00e0<span class=\"Apple-converted-space\">\u00a0 <\/span>rectifier ou toute modification \u00e0 apporter avant son engagement \u00e9crit.<span class=\"Apple-converted-space\">\u00a0<\/span><\/p>\n<p>Toute rectification ou nouvelle commande devra faire l\u2019objet d\u2019un nouvel \u00e9crit dans les formes stipul\u00e9es \u00e0 l\u2018alin\u00e9a 2 du pr\u00e9sent article.<\/p>\n<p>Toute information incompl\u00e8te ou erron\u00e9e de la part du client entra\u00eenera sa seule responsabilit\u00e9.<\/p>\n<p>GALLISKA &#8211; CREATION se r\u00e9serve le droit d\u2019accepter ou non toute commande dans un d\u00e9lai de 30 jours \u00e0 compter de sa r\u00e9ception.<\/p>\n<p>Toutefois, GALLISKA &#8211; CREATION pourra toujours annuler \u00e0 tout moment et sans indemnit\u00e9 une commande accept\u00e9e dans les cas suivants : arr\u00eat de fabrication par le fabricant pour quelque cause que ce soit, modification de la r\u00e9glementation et des prix, modification de la<b> <\/b>solvabilit\u00e9<b> <\/b>du client, non respect du contrat initialement pr\u00e9vu par le client, d\u00e9faut de paiement du client.<\/p>\n<p>Toute annulation de commande donn\u00e9e par le client ult\u00e9rieurement \u00e0 sa passation entra\u00eenera, outre le paiement des prestations effectu\u00e9es \u00e0 la date de l\u2018annulation, le r\u00e8glement des mat\u00e9riaux et marchandises acquis par GALLISKA &#8211; CREATION pour ladite commande, qu\u2019ils aient \u00e9t\u00e9 int\u00e9gr\u00e9s ou non aux prestations effectu\u00e9es, ainsi qu\u2019une indemnit\u00e9 de 15% de l\u2019int\u00e9gralit\u00e9 de la commande.<\/p>\n<p><b>4 &#8211; LIVRAISON<span class=\"Apple-converted-space\">\u00a0 \u00a0 \u00a0 \u00a0 \u00a0<\/span><\/b><\/p>\n<p>Les d\u00e9lais de livraison ne seront donn\u00e9s qu\u2019\u00e0 titre indicatif, sous r\u00e9serves des possibilit\u00e9s d\u2019approvisionnement \u00e0 l\u2019\u00e9poque consid\u00e9r\u00e9e ou de tout incident pouvant survenir.<span class=\"Apple-converted-space\">\u00a0<\/span> En cons\u00e9quence, les d\u00e9passements de d\u00e9lais de livraison ne peuvent donner lieu, ni \u00e0 dommages-int\u00e9r\u00eats, ni \u00e0 retenues, ni \u00e0 annulation partielle ou totale des commandes en cours.<\/p>\n<p>La livraison peut \u00eatre diff\u00e9r\u00e9e ou annul\u00e9e de plein droit lorsque le client n\u2019est pas \u00e0 jour de ses obligations envers GALLISKA &#8211; CREATION, et ce, quelle qu\u2019en soit la cause ou en cas de travaux suppl\u00e9mentaires. En cas d\u2019information erron\u00e9es ou paraissant trompeuse notamment sur les coordonn\u00e9es du client, l\u2019artisan se r\u00e9serve le droit de ne pas livrer la commande.<\/p>\n<p>Les cas de force majeure, tels que, notamment l\u2019incendie, les inondations, les retards de transports des fournisseurs, les ruptures de stocks, les gr\u00e8ves, les lock-out d\u00e9chargent aussi GALLISKA &#8211; CREATION de son obligation de livrer. Cette liste n\u2019est pas exhaustive.<\/p>\n<p><b>5 &#8211; RESPONSABILITE EN CAS DE DOMMAGE<span class=\"Apple-converted-space\">\u00a0 <\/span>&#8211; GARANTIE<\/b><\/p>\n<p>GALLISKA &#8211; CREATION n\u2019est pas responsable d\u2019incidents ou de sinistres intervenant chez le client en cas de remise de cl\u00e9s et en son absence, hormis ceux aff\u00e9rents \u00e0 sa prestation.<\/p>\n<p>La garantie du produit r\u00e9nov\u00e9 est celle des articles 1641, 1642, 1644 \u00e0 1649 du Code Civil.<\/p>\n<p><b>6 &#8211; RETOUR DES MARCHANDISES ET MATERIAUX<\/b><\/p>\n<p>Les marchandises et mat\u00e9riaux sont vendus de fa\u00e7on ferme et d\u00e9finitive.<span class=\"Apple-converted-space\">\u00a0<\/span><\/p>\n<p>Tout retour doit faire l\u2019objet d\u2019un accord formel entre GALLISKA &#8211; CREATION et le client. \u00c0 d\u00e9faut, il n\u2019y aura ni avoir, ni remboursement mais mise \u00e0 disposition du produit \u00e0 l\u2019\u00e9gard du client.<\/p>\n<p>Les frais et les risques du retour sont \u00e0 la charge du client.<\/p>\n<p>En cas de vice cach\u00e9, apparent ou de non-conformit\u00e9 des produits livr\u00e9s et de l\u2019un des \u00e9l\u00e9ments constitutifs des produits, d\u00fbment constat\u00e9(e) dans les conditions pr\u00e9vues \u00e0 l\u2019article 5, le client pourra, sur justificatifs des vices ou anomalies constat\u00e9es, obtenir leur remplacement ou leur remise en \u00e9tat dans les meilleurs d\u00e9lais, \u00e0 l\u2019exclusion de toute indemnit\u00e9 ou dommages-int\u00e9r\u00eats. Le client devra laisser \u00e0 GALLISKA &#8211; CREATION toute facilit\u00e9 pour proc\u00e9der \u00e0 ses propres constatations et pour y porter rem\u00e8de.<\/p>\n<p>GALLISKA &#8211; CREATION d\u00e9cline toute responsabilit\u00e9 en cas d\u2019utilisation non conforme \u00e0 ses prescriptions.<\/p>\n<p><b>7 &#8211; PRIX<\/b><\/p>\n<p>Les prix sont indiqu\u00e9s en HT. La TVA n\u2019est pas applicable (article 293 B du CGI).<\/p>\n<p>Une modification de commande sera susceptible de faire l\u2019objet d\u2019une tarification distincte par avenant.<\/p>\n<p><b>8 &#8211; MODALITES DE PAIEMENT<\/b><\/p>\n<p>Toute commande fera l\u2019objet d\u2019un acompte de 40% \u00e0 l\u2019acceptation, le solde devant \u00eatre acquitt\u00e9 \u00e0 r\u00e9ception de la facture. Le client sera inform\u00e9 par courrier \u00e9lectronique ou postal que sa commande est pr\u00eate, la facture sera alors jointe \u00e0 ce courrier. La livraison ne sera effective qu\u2019apr\u00e8s l\u2019encaissement des sommes dues.<\/p>\n<p>N\u00e9anmoins, chaque prestation pourra faire l\u2019objet d\u2019un accord \u00e9crit sp\u00e9cifique entre les parties.<\/p>\n<p><b>9 &#8211; CLAUSE PENALE<\/b><\/p>\n<p>\u00c0 d\u00e9faut de paiement dans le d\u00e9lai imparti, le client sera redevable, outre de l\u2019int\u00e9gralit\u00e9 des sommes restant dues, d\u2019une p\u00e9nalit\u00e9 de retard fix\u00e9e \u00e0 3 fois le taux d\u2019int\u00e9r\u00eat l\u00e9gal sur les sommes restant dues, ce, de plein droit et sans mise en demeure pr\u00e9alable, sans pr\u00e9judice pour GALLISKA &#8211; CREATION de suspendre les commandes ou les prestations en cours ou d\u2019exercer toute autre voie de contrainte ou d\u2019action, outre une indemnit\u00e9 de 15% du prix impay\u00e9.<\/p>\n<p>Les frais d\u2019impay\u00e9s li\u00e9s \u00e0 un ch\u00e8que seront factur\u00e9s au client.<\/p>\n<p><b>10 &#8211; RESERVE DE PROPRIETE<\/b><\/p>\n<p>Conform\u00e9ment aux dispositions l\u00e9gales, GALLISKA &#8211; CREATION se r\u00e9serve la propri\u00e9t\u00e9 des marchandises ou mat\u00e9riaux vendus jusqu\u2019au complet paiement de leur prix.<span class=\"Apple-converted-space\">\u00a0<\/span><\/p>\n<p>La seule remise de ch\u00e8ques ne constitue pas un paiement. Seul le r\u00e8glement effectif sera pris en compte. En cons\u00e9quence, \u00e0 d\u00e9faut de paiement int\u00e9gral effectif, elle pourra revendiquer, soit lesdits mat\u00e9riaux ou marchandises, soit leur prix, en quelques mains qu\u2019ils se trouvent.<\/p>\n<p><b>11 &#8211; LITIGE<\/b><\/p>\n<p>Les contrats conclus en application des pr\u00e9sentes sont r\u00e9gis par le Droit fran\u00e7ais.<span class=\"Apple-converted-space\">\u00a0<\/span><\/p>\n<p>Toute contestation donnera lieu \u00e0 une r\u00e9clamation \u00e9crite adress\u00e9e \u00e0 GALLISKA &#8211; CREATION. Le client s\u2019adressera en priorit\u00e9 \u00e0 l\u2019artisan pour obtenir une solution amiable.<span class=\"Apple-converted-space\">\u00a0<\/span><\/p>\n<p>En cas d\u2019\u00e9chec, le client pourra, dans le d\u00e9lai de 1 an \u00e0 compter de la date de ladite r\u00e9clamation, saisir un M\u00e9diateur externe de la Consommation dont les coordonn\u00e9es sont les suivantes\u00a0: Association Nationale des M\u00e9diateurs &#8211; ANM &#8211; 62 rue Tiquetonne 75002 PARIS. En cas de pluralit\u00e9 de M\u00e9diateurs pour des litiges identiques avec GALLISKA &#8211; CREATION, le client sera libre de saisir le M\u00e9diateur de son choix.<\/p>\n<p>En cas d\u2019\u00e9chec de la m\u00e9diation, ou si le client ne souhaite pas y recourir, toute contestation n\u00e9e de l\u2019application ou de l\u2019interpr\u00e9tation des pr\u00e9sentes sera soumise aux juridictions de l\u2019Is\u00e8re.<\/p>\n<p>Ces Conditions G\u00e9n\u00e9rales de Prestations &#8211; Ventes ont \u00e9t\u00e9 \u00e9tablies sous r\u00e9serve de modifications l\u00e9gales.<\/p>\n<p><i>Mise \u00e0 jour du 26 avril 2018<\/i><\/p>\n<p>[\/et_pb_text][\/et_pb_column][\/et_pb_row][\/et_pb_section]<\/p>\n","protected":false},"excerpt":{"rendered":"<p>[et_pb_section bb_built=\u00a0\u00bb1&Prime; fullwidth=\u00a0\u00bbon\u00a0\u00bb specialty=\u00a0\u00bboff\u00a0\u00bb][et_pb_fullwidth_slider _builder_version=\u00a0\u00bb3.0.90&Prime; show_arrows=\u00a0\u00bboff\u00a0\u00bb show_pagination=\u00a0\u00bboff\u00a0\u00bb show_inner_shadow=\u00a0\u00bbon\u00a0\u00bb custom_button=\u00a0\u00bboff\u00a0\u00bb button_icon_placement=\u00a0\u00bbright\u00a0\u00bb show_content_on_mobile=\u00a0\u00bbon\u00a0\u00bb show_cta_on_mobile=\u00a0\u00bbon\u00a0\u00bb show_image_video_mobile=\u00a0\u00bboff\u00a0\u00bb] [et_pb_slide _builder_version=\u00a0\u00bb3.0.90&Prime; use_background_color_gradient=\u00a0\u00bboff\u00a0\u00bb background_color_gradient_start=\u00a0\u00bb#2b87da\u00a0\u00bb background_color_gradient_end=\u00a0\u00bb#29c4a9&Prime; background_color_gradient_type=\u00a0\u00bblinear\u00a0\u00bb background_color_gradient_direction=\u00a0\u00bb180deg\u00a0\u00bb background_color_gradient_direction_radial=\u00a0\u00bbcenter\u00a0\u00bb background_color_gradient_start_position=\u00a0\u00bb0%\u00a0\u00bb background_color_gradient_end_position=\u00a0\u00bb100%\u00a0\u00bb background_color_gradient_overlays_image=\u00a0\u00bboff\u00a0\u00bb background_image=\u00a0\u00bbhttp:\/\/galliska-creation.fr\/wp-content\/uploads\/2018\/11\/Tuulimylly7.jpg\u00a0\u00bb parallax=\u00a0\u00bbon\u00a0\u00bb parallax_method=\u00a0\u00bbon\u00a0\u00bb background_size=\u00a0\u00bbcover\u00a0\u00bb background_position=\u00a0\u00bbcenter\u00a0\u00bb background_repeat=\u00a0\u00bbno-repeat\u00a0\u00bb background_blend=\u00a0\u00bbnormal\u00a0\u00bb allow_player_pause=\u00a0\u00bboff\u00a0\u00bb use_bg_overlay=\u00a0\u00bboff\u00a0\u00bb use_text_overlay=\u00a0\u00bboff\u00a0\u00bb text_border_radius=\u00a0\u00bb3&Prime; alignment=\u00a0\u00bbcenter\u00a0\u00bb background_layout=\u00a0\u00bbdark\u00a0\u00bb heading=\u00a0\u00bbGalliska &#8211; Cr\u00e9ation\u00a0\u00bb] &nbsp; Conditions G\u00e9n\u00e9rales de Prestations &#8211; Ventes &nbsp; [\/et_pb_slide] [\/et_pb_fullwidth_slider][\/et_pb_section][et_pb_section bb_built=\u00a0\u00bb1&Prime;][et_pb_row][et_pb_column type=\u00a0\u00bb4_4&Prime;][et_pb_text _builder_version=\u00a0\u00bb3.0.90&Prime; background_layout=\u00a0\u00bblight\u00a0\u00bb box_shadow_style=\u00a0\u00bbpreset2&Prime; [&hellip;]<\/p>\n","protected":false},"author":1,"featured_media":0,"parent":0,"menu_order":0,"comment_status":"closed","ping_status":"closed","template":"","meta":{"_et_pb_use_builder":"on","_et_pb_old_content":"","_et_gb_content_width":"","footnotes":""},"_links":{"self":[{"href":"https:\/\/galliska-creation.fr\/index.php?rest_route=\/wp\/v2\/pages\/731"}],"collection":[{"href":"https:\/\/galliska-creation.fr\/index.php?rest_route=\/wp\/v2\/pages"}],"about":[{"href":"https:\/\/galliska-creation.fr\/index.php?rest_route=\/wp\/v2\/types\/page"}],"author":[{"embeddable":true,"href":"https:\/\/galliska-creation.fr\/index.php?rest_route=\/wp\/v2\/users\/1"}],"replies":[{"embeddable":true,"href":"https:\/\/galliska-creation.fr\/index.php?rest_route=%2Fwp%2Fv2%2Fcomments&post=731"}],"version-history":[{"count":30,"href":"https:\/\/galliska-creation.fr\/index.php?rest_route=\/wp\/v2\/pages\/731\/revisions"}],"predecessor-version":[{"id":1328,"href":"https:\/\/galliska-creation.fr\/index.php?rest_route=\/wp\/v2\/pages\/731\/revisions\/1328"}],"wp:attachment":[{"href":"https:\/\/galliska-creation.fr\/index.php?rest_route=%2Fwp%2Fv2%2Fmedia&parent=731"}],"curies":[{"name":"wp","href":"https:\/\/api.w.org\/{rel}","templated":true}]}}